{"id":10409,"date":"2023-07-09T14:39:28","date_gmt":"2023-07-09T14:39:28","guid":{"rendered":"https:\/\/devsedu.softatomic.com\/?page_id=10409"},"modified":"2026-03-04T09:19:31","modified_gmt":"2026-03-04T08:19:31","slug":"kundenbewertung","status":"publish","type":"page","link":"https:\/\/fixgeld-gruppe.com\/de_ch\/kundenbewertung\/","title":{"rendered":"Kundenbewertung"},"content":{"rendered":"<div data-elementor-type=\"wp-page\" data-elementor-id=\"10409\" class=\"elementor elementor-10409\">\n\t\t\t\t<div class=\"elementor-element elementor-element-f2228d2 e-flex e-con-boxed e-con e-parent\" data-id=\"f2228d2\" data-element_type=\"container\">\n\t\t\t\t\t<div class=\"e-con-inner\">\n\t\t\t\t<div class=\"elementor-element elementor-element-2d18631 elementor-widget elementor-widget-spacer\" data-id=\"2d18631\" data-element_type=\"widget\" data-widget_type=\"spacer.default\">\n\t\t\t\t<div class=\"elementor-widget-container\">\n\t\t\t\t\t\t\t<div class=\"elementor-spacer\">\n\t\t\t<div class=\"elementor-spacer-inner\"><\/div>\n\t\t<\/div>\n\t\t\t\t\t\t<\/div>\n\t\t\t\t<\/div>\n\t\t\t\t\t<\/div>\n\t\t\t\t<\/div>\n\t\t\t\t<section class=\"elementor-section elementor-top-section elementor-element elementor-element-e0e9ab5 elementor-section-boxed elementor-section-height-default elementor-section-height-default\" data-id=\"e0e9ab5\" data-element_type=\"section\">\n\t\t\t\t\t\t<div class=\"elementor-container elementor-column-gap-default\">\n\t\t\t\t\t<div class=\"elementor-column elementor-col-100 elementor-top-column elementor-element elementor-element-2d15b93\" data-id=\"2d15b93\" data-element_type=\"column\">\n\t\t\t<div class=\"elementor-widget-wrap elementor-element-populated\">\n\t\t\t\t\t\t<div class=\"elementor-element elementor-element-51a9925 elementor-widget elementor-widget-edublink-testimonial\" data-id=\"51a9925\" data-element_type=\"widget\" data-widget_type=\"edublink-testimonial.default\">\n\t\t\t\t<div class=\"elementor-widget-container\">\n\t\t\t\t\t<div class=\"eb-testimonial-wrapper eb-testimonial-wrapper-style-card-1\"><div class=\"eb-testimonial eb-testimonial-style-card-1\"><div class=\"testimonial-card-wrapper\"><div class=\"testimonial-card-item\"><div class=\"eb-testimonial-item elementor-repeater-item-76ca1dd\"><div class=\"eb-testimonial-slide\"><div class=\"content\"><div class=\"rating-icon\"><i class=\"icon-23\"><\/i><i class=\"icon-23\"><\/i><i class=\"icon-23\"><\/i><i class=\"icon-23\"><\/i><i class=\"icon-23\"><\/i><\/div><p class=\"description\">\u201eIch brauchte einen Privatkredit, um mein Haus zu renovieren, und war angenehm \u00fcberrascht, wie schnell mein Antrag bearbeitet wurde. Innerhalb von weniger als 24 Stunden erhielt ich ein auf meine Bed\u00fcrfnisse zugeschnittenes Angebot. Ich bin sehr zufrieden mit der Betreuung!\u201c<\/p><div class=\"author-info\"><div class=\"info\"><h5 class=\"title\">Julie M., <\/h5><\/div><\/div><\/div><\/div><\/div><\/div><div class=\"testimonial-card-item\"><div class=\"eb-testimonial-item elementor-repeater-item-f39b7d1\"><div class=\"eb-testimonial-slide\"><div class=\"content\"><div class=\"rating-icon\"><i class=\"icon-23\"><\/i><i class=\"icon-23\"><\/i><i class=\"icon-23\"><\/i><i class=\"icon-23\"><\/i><i class=\"icon-23\"><\/i><\/div><p class=\"description\">\u201eIch habe vor meiner Anfrage mehrere Angebote verglichen, und das der Fixgeld Gruppe war das g\u00fcnstigste. Was mich wirklich \u00fcberzeugt hat, war die Transparenz der Informationen und die st\u00e4ndige Unterst\u00fctzung durch das Team. Ich kann es ohne zu z\u00f6gern weiterempfehlen.\u201c<\/p><div class=\"author-info\"><div class=\"info\"><h5 class=\"title\">Pierre L.<\/h5><\/div><\/div><\/div><\/div><\/div><\/div><div class=\"testimonial-card-item\"><div class=\"eb-testimonial-item elementor-repeater-item-4015e78\"><div class=\"eb-testimonial-slide\"><div class=\"content\"><div class=\"rating-icon\"><i class=\"icon-23\"><\/i><i class=\"icon-23\"><\/i><i class=\"icon-23\"><\/i><i class=\"icon-23\"><\/i><i class=\"icon-23\"><\/i><\/div><p class=\"description\">\u201eDer Kauf meines ersten Hauses war ein Traum, aber auch eine finanzielle Herausforderung. Dank fixgeld-gruppe.com konnte ich eine Hypothek mit einem g\u00fcnstigen Festzins erhalten, und das gesamte Team hat mir geholfen, jeden Schritt zu verstehen. Endlich f\u00fchle ich mich zu Hause!\u201c<\/p><div class=\"author-info\"><div class=\"info\"><h5 class=\"title\">Caroline R.<\/h5><span class=\"subtitle\"> Caroline R., Zuric<\/span><\/div><\/div><\/div><\/div><\/div><\/div><div class=\"testimonial-card-item\"><div class=\"eb-testimonial-item elementor-repeater-item-849f7a6\"><div class=\"eb-testimonial-slide\"><div class=\"content\"><div class=\"rating-icon\"><i class=\"icon-23\"><\/i><i class=\"icon-23\"><\/i><i class=\"icon-23\"><\/i><i class=\"icon-23\"><\/i><i class=\"icon-23\"><\/i><\/div><p class=\"description\">fixgeld-gruppe.com<\/p><div class=\"author-info\"><div class=\"info\"><h5 class=\"title\">Thomas <\/h5><\/div><\/div><\/div><\/div><\/div><\/div><div class=\"testimonial-card-item\"><div class=\"eb-testimonial-item elementor-repeater-item-9e88a68\"><div class=\"eb-testimonial-slide\"><div class=\"content\"><div class=\"rating-icon\"><i class=\"icon-23\"><\/i><i class=\"icon-23\"><\/i><i class=\"icon-23\"><\/i><i class=\"icon-23\"><\/i><i class=\"icon-23\"><\/i><\/div><p class=\"description\">\u201eIch hatte eine unvorhergesehene Situation mit dem Verlust meines Arbeitsplatzes und musste meine Kredite umstrukturieren. Dank fixgeld-gruppe.com konnte ich meine Kredite zusammenfassen und meine monatlichen Zahlungen reduzieren. Eine echte Erleichterung!\u201c<\/p><div class=\"author-info\"><div class=\"info\"><h5 class=\"title\">Sophie <\/h5><\/div><\/div><\/div><\/div><\/div><\/div><div class=\"testimonial-card-item\"><div class=\"eb-testimonial-item elementor-repeater-item-1cea814\"><div class=\"eb-testimonial-slide\"><div class=\"content\"><div class=\"rating-icon\"><i class=\"icon-23\"><\/i><i class=\"icon-23\"><\/i><i class=\"icon-23\"><\/i><i class=\"icon-23\"><\/i><i class=\"icon-23\"><\/i><\/div><p class=\"description\">\u201eIch brauchte einen Kredit, um mein Studium zu finanzieren, und alles war mit wenigen Klicks erledigt. Die Website ist sehr intuitiv und der Kundenservice war sehr reaktionsschnell. Ich kann es nur w\u00e4rmstens empfehlen!\u201c<\/p><div class=\"author-info\"><div class=\"info\"><h5 class=\"title\">David K.<\/h5><\/div><\/div><\/div><\/div><\/div><\/div><\/div><\/div><\/div>\t\t\t\t<\/div>\n\t\t\t\t<\/div>\n\t\t\t\t\t<\/div>\n\t\t<\/div>\n\t\t\t\t\t<\/div>\n\t\t<\/section>\n\t\t<div class=\"elementor-element elementor-element-21745ff e-flex e-con-boxed e-con e-parent\" data-id=\"21745ff\" data-element_type=\"container\">\n\t\t\t\t\t<div class=\"e-con-inner\">\n\t\t\t\t<div class=\"elementor-element elementor-element-26c15a8 elementor-invisible elementor-widget elementor-widget-edublink-button\" data-id=\"26c15a8\" data-element_type=\"widget\" data-settings=\"{&quot;_animation&quot;:&quot;edublink--slide-up&quot;,&quot;_animation_delay&quot;:160}\" data-widget_type=\"edublink-button.default\">\n\t\t\t\t<div class=\"elementor-widget-container\">\n\t\t\t\t\t<div class=\"edublink-button-widget-wrapper\"><a class=\"edublink-button-item edublink-button-style-default edublink-button-size-large edublink-button-icon-position-after default-style\" href=\"https:\/\/fixgeld-gruppe.com\/de_ch\/beantragen\/\">Kredit beantragen<i class=\"icon-4\"><\/i><\/a><\/div>\t\t\t\t<\/div>\n\t\t\t\t<\/div>\n\t\t\t\t\t<\/div>\n\t\t\t\t<\/div>\n\t\t\t\t<\/div>","protected":false},"excerpt":{"rendered":"<p>\u201eIch brauchte einen Privatkredit, um mein Haus zu renovieren, und war angenehm \u00fcberrascht, wie schnell mein Antrag bearbeitet wurde. Innerhalb&#8230;<\/p>","protected":false},"author":1,"featured_media":0,"parent":0,"menu_order":0,"comment_status":"closed","ping_status":"closed","template":"","meta":{"footnotes":""},"class_list":["post-10409","page","type-page","status-publish","hentry"],"_links":{"self":[{"href":"https:\/\/fixgeld-gruppe.com\/de_ch\/wp-json\/wp\/v2\/pages\/10409","targetHints":{"allow":["GET"]}}],"collection":[{"href":"https:\/\/fixgeld-gruppe.com\/de_ch\/wp-json\/wp\/v2\/pages"}],"about":[{"href":"https:\/\/fixgeld-gruppe.com\/de_ch\/wp-json\/wp\/v2\/types\/page"}],"author":[{"embeddable":true,"href":"https:\/\/fixgeld-gruppe.com\/de_ch\/wp-json\/wp\/v2\/users\/1"}],"replies":[{"embeddable":true,"href":"https:\/\/fixgeld-gruppe.com\/de_ch\/wp-json\/wp\/v2\/comments?post=10409"}],"version-history":[{"count":30,"href":"https:\/\/fixgeld-gruppe.com\/de_ch\/wp-json\/wp\/v2\/pages\/10409\/revisions"}],"predecessor-version":[{"id":22486,"href":"https:\/\/fixgeld-gruppe.com\/de_ch\/wp-json\/wp\/v2\/pages\/10409\/revisions\/22486"}],"wp:attachment":[{"href":"https:\/\/fixgeld-gruppe.com\/de_ch\/wp-json\/wp\/v2\/media?parent=10409"}],"curies":[{"name":"wp","href":"https:\/\/api.w.org\/{rel}","templated":true}]}}